{"id":12,"date":"2022-08-25T08:43:12","date_gmt":"2022-08-25T08:43:12","guid":{"rendered":"https:\/\/danzasusanaara.com\/?page_id=12"},"modified":"2025-08-14T16:33:33","modified_gmt":"2025-08-14T16:33:33","slug":"inicio","status":"publish","type":"page","link":"https:\/\/danzasusanaara.com\/","title":{"rendered":"Inicio"},"content":{"rendered":"\t\t<div data-elementor-type=\"wp-page\" data-elementor-id=\"12\" class=\"elementor elementor-12\" data-elementor-post-type=\"page\">\n\t\t\t\t\t\t<section class=\"elementor-section elementor-top-section elementor-element elementor-element-50c4fc51 elementor-section-content-middle elementor-section-boxed elementor-section-height-default elementor-section-height-default elementor-invisible\" data-id=\"50c4fc51\" data-element_type=\"section\" data-e-type=\"section\" data-settings=\"{&quot;background_background&quot;:&quot;video&quot;,&quot;background_video_link&quot;:&quot;https:\\\/\\\/youtu.be\\\/fXe_rdz0yp4&quot;,&quot;background_video_start&quot;:5,&quot;background_play_on_mobile&quot;:&quot;yes&quot;,&quot;animation&quot;:&quot;fadeInDown&quot;}\">\n\t\t\t\t\t\t\t\t<div class=\"elementor-background-video-container\">\n\t\t\t\t\t\t\t\t\t\t\t\t\t<div class=\"elementor-background-video-embed\" role=\"presentation\"><\/div>\n\t\t\t\t\t\t\t\t\t\t\t\t<\/div>\n\t\t\t\t\t\t\t\t\t<div class=\"elementor-background-overlay\"><\/div>\n\t\t\t\t\t\t\t<div class=\"elementor-container elementor-column-gap-no\">\n\t\t\t\t\t<div class=\"elementor-column elementor-col-100 elementor-top-column elementor-element elementor-element-2b04c458\" data-id=\"2b04c458\" data-element_type=\"column\" data-e-type=\"column\">\n\t\t\t<div class=\"elementor-widget-wrap elementor-element-populated\">\n\t\t\t\t\t\t<div class=\"elementor-element elementor-element-1221e688 elementor-widget elementor-widget-heading\" data-id=\"1221e688\" data-element_type=\"widget\" data-e-type=\"widget\" data-widget_type=\"heading.default\">\n\t\t\t\t<div class=\"elementor-widget-container\">\n\t\t\t\t\t<h2 class=\"elementor-heading-title elementor-size-default\">Danza en su sentido m\u00e1s amplio<\/h2>\t\t\t\t<\/div>\n\t\t\t\t<\/div>\n\t\t\t\t<div class=\"elementor-element elementor-element-220c906c elementor-align-center elementor-widget__width-initial elementor-widget elementor-widget-button\" data-id=\"220c906c\" data-element_type=\"widget\" data-e-type=\"widget\" data-widget_type=\"button.default\">\n\t\t\t\t<div class=\"elementor-widget-container\">\n\t\t\t\t\t\t\t\t\t<div class=\"elementor-button-wrapper\">\n\t\t\t\t\t<a class=\"elementor-button elementor-button-link elementor-size-sm elementor-animation-grow\" href=\"https:\/\/danzasusanaara.com\/index.php\/contacto\/\">\n\t\t\t\t\t\t<span class=\"elementor-button-content-wrapper\">\n\t\t\t\t\t\t\t\t\t<span class=\"elementor-button-text\">empieza ahora<\/span>\n\t\t\t\t\t<\/span>\n\t\t\t\t\t<\/a>\n\t\t\t\t<\/div>\n\t\t\t\t\t\t\t\t<\/div>\n\t\t\t\t<\/div>\n\t\t\t\t\t<\/div>\n\t\t<\/div>\n\t\t\t\t\t<\/div>\n\t\t<\/section>\n\t\t<div class=\"elementor-element elementor-element-f021f6d e-flex e-con-boxed e-con e-parent\" data-id=\"f021f6d\" data-element_type=\"container\" data-e-type=\"container\">\n\t\t\t\t\t<div class=\"e-con-inner\">\n\t\t\t\t<div class=\"elementor-element elementor-element-84e7465 elementor-widget elementor-widget-image\" data-id=\"84e7465\" data-element_type=\"widget\" data-e-type=\"widget\" data-widget_type=\"image.default\">\n\t\t\t\t<div class=\"elementor-widget-container\">\n\t\t\t\t\t\t\t\t\t\t\t\t\t\t\t<img fetchpriority=\"high\" decoding=\"async\" width=\"725\" height=\"1024\" src=\"https:\/\/danzasusanaara.com\/wp-content\/uploads\/2025\/08\/Din-A3-curso_20250813_152409_0000_edit_423917198554121-725x1024.png\" class=\"attachment-large size-large wp-image-603\" alt=\"\" srcset=\"https:\/\/danzasusanaara.com\/wp-content\/uploads\/2025\/08\/Din-A3-curso_20250813_152409_0000_edit_423917198554121-725x1024.png 725w, https:\/\/danzasusanaara.com\/wp-content\/uploads\/2025\/08\/Din-A3-curso_20250813_152409_0000_edit_423917198554121-213x300.png 213w, https:\/\/danzasusanaara.com\/wp-content\/uploads\/2025\/08\/Din-A3-curso_20250813_152409_0000_edit_423917198554121-768x1084.png 768w, https:\/\/danzasusanaara.com\/wp-content\/uploads\/2025\/08\/Din-A3-curso_20250813_152409_0000_edit_423917198554121-1088x1536.png 1088w, https:\/\/danzasusanaara.com\/wp-content\/uploads\/2025\/08\/Din-A3-curso_20250813_152409_0000_edit_423917198554121-1451x2048.png 1451w\" sizes=\"(max-width: 725px) 100vw, 725px\" \/>\t\t\t\t\t\t\t\t\t\t\t\t\t\t\t<\/div>\n\t\t\t\t<\/div>\n\t\t\t\t\t<\/div>\n\t\t\t\t<\/div>\n\t\t\t\t<section class=\"elementor-section elementor-top-section elementor-element elementor-element-2be92c6c elementor-section-content-middle elementor-section-boxed elementor-section-height-default elementor-section-height-default\" data-id=\"2be92c6c\" data-element_type=\"section\" data-e-type=\"section\">\n\t\t\t\t\t\t<div class=\"elementor-container elementor-column-gap-no\">\n\t\t\t\t\t<div class=\"elementor-column elementor-col-100 elementor-top-column elementor-element elementor-element-734d3574\" data-id=\"734d3574\" data-element_type=\"column\" data-e-type=\"column\">\n\t\t\t<div class=\"elementor-widget-wrap elementor-element-populated\">\n\t\t\t\t\t\t<div class=\"elementor-element elementor-element-6d5e351 elementor-widget elementor-widget-heading\" data-id=\"6d5e351\" data-element_type=\"widget\" data-e-type=\"widget\" data-widget_type=\"heading.default\">\n\t\t\t\t<div class=\"elementor-widget-container\">\n\t\t\t\t\t<h2 class=\"elementor-heading-title elementor-size-default\">\u00bfQu\u00e9 es Danza?<\/h2>\t\t\t\t<\/div>\n\t\t\t\t<\/div>\n\t\t\t\t<div class=\"elementor-element elementor-element-4361917c elementor-widget elementor-widget-text-editor\" data-id=\"4361917c\" data-element_type=\"widget\" data-e-type=\"widget\" data-widget_type=\"text-editor.default\">\n\t\t\t\t<div class=\"elementor-widget-container\">\n\t\t\t\t\t\t\t\t\t<p>La Danza es la capacidad de poder expresar con tu cuerpo. Puedes viajar con la m\u00fasica como si fuerais un solo elemento y explorar nuevos movimientos que te produzcan nuevas sensaciones.<\/p><p>Para ello, es necesario el aprendizaje de la t\u00e9cnica que nos permita desarrollar todo tipo de movimientos.<\/p><p>Nuestra oferta acad\u00e9mica va desde ni\u00f1os de temprana edad donde aprenden jugando con su cuerpo, pasando por los diferentes niveles y edades, hasta llegar a nuestra formaci\u00f3n m\u00e1s profesional. Adem\u00e1s, contamos tambi\u00e9n con actividades para adultos.<\/p><p>Recorre nuestra web y encontrar\u00e1s un amplio abanico de posibilidades.<\/p>\t\t\t\t\t\t\t\t<\/div>\n\t\t\t\t<\/div>\n\t\t\t\t\t<\/div>\n\t\t<\/div>\n\t\t\t\t\t<\/div>\n\t\t<\/section>\n\t\t<div class=\"elementor-element elementor-element-ddfe1c5 e-flex e-con-boxed e-con e-parent\" data-id=\"ddfe1c5\" data-element_type=\"container\" data-e-type=\"container\">\n\t\t\t\t\t<div class=\"e-con-inner\">\n\t\t\t\t<div class=\"elementor-element elementor-element-fd59426 elementor-pagination-type-bullets elementor-arrows-position-inside elementor-pagination-position-outside elementor-widget elementor-widget-loop-carousel\" data-id=\"fd59426\" data-element_type=\"widget\" data-e-type=\"widget\" data-settings=\"{&quot;template_id&quot;:550,&quot;_skin&quot;:&quot;post&quot;,&quot;slides_to_show&quot;:&quot;3&quot;,&quot;slides_to_show_tablet&quot;:&quot;2&quot;,&quot;slides_to_show_mobile&quot;:&quot;1&quot;,&quot;slides_to_scroll&quot;:&quot;1&quot;,&quot;edit_handle_selector&quot;:&quot;.elementor-loop-container&quot;,&quot;autoplay&quot;:&quot;yes&quot;,&quot;autoplay_speed&quot;:5000,&quot;pause_on_hover&quot;:&quot;yes&quot;,&quot;pause_on_interaction&quot;:&quot;yes&quot;,&quot;infinite&quot;:&quot;yes&quot;,&quot;speed&quot;:500,&quot;offset_sides&quot;:&quot;none&quot;,&quot;arrows&quot;:&quot;yes&quot;,&quot;pagination&quot;:&quot;bullets&quot;,&quot;image_spacing_custom&quot;:{&quot;unit&quot;:&quot;px&quot;,&quot;size&quot;:10,&quot;sizes&quot;:[]},&quot;image_spacing_custom_tablet&quot;:{&quot;unit&quot;:&quot;px&quot;,&quot;size&quot;:&quot;&quot;,&quot;sizes&quot;:[]},&quot;image_spacing_custom_mobile&quot;:{&quot;unit&quot;:&quot;px&quot;,&quot;size&quot;:&quot;&quot;,&quot;sizes&quot;:[]}}\" data-widget_type=\"loop-carousel.post\">\n\t\t\t\t<div class=\"elementor-widget-container\">\n\t\t\t\t\t\t\t<div class=\"swiper elementor-loop-container elementor-grid\" role=\"list\" dir=\"ltr\">\n\t\t\t\t<div class=\"swiper-wrapper\" aria-live=\"off\">\n\t\t<style id=\"loop-550\"><\/style>\t\t<\/div>\n\t\t<\/div>\n\t\t\t\t\t<div class=\"elementor-swiper-button elementor-swiper-button-prev\" role=\"button\" tabindex=\"0\" aria-label=\"Previous\">\n\t\t\t\t<svg aria-hidden=\"true\" class=\"e-font-icon-svg e-eicon-chevron-left\" viewBox=\"0 0 1000 1000\" xmlns=\"http:\/\/www.w3.org\/2000\/svg\"><path d=\"M646 125C629 125 613 133 604 142L308 442C296 454 292 471 292 487 292 504 296 521 308 533L604 854C617 867 629 875 646 875 663 875 679 871 692 858 704 846 713 829 713 812 713 796 708 779 692 767L438 487 692 225C700 217 708 204 708 187 708 171 704 154 692 142 675 129 663 125 646 125Z\"><\/path><\/svg>\t\t\t<\/div>\n\t\t\t<div class=\"elementor-swiper-button elementor-swiper-button-next\" role=\"button\" tabindex=\"0\" aria-label=\"Next\">\n\t\t\t\t<svg aria-hidden=\"true\" class=\"e-font-icon-svg e-eicon-chevron-right\" viewBox=\"0 0 1000 1000\" xmlns=\"http:\/\/www.w3.org\/2000\/svg\"><path d=\"M696 533C708 521 713 504 713 487 713 471 708 454 696 446L400 146C388 133 375 125 354 125 338 125 325 129 313 142 300 154 292 171 292 187 292 204 296 221 308 233L563 492 304 771C292 783 288 800 288 817 288 833 296 850 308 863 321 871 338 875 354 875 371 875 388 867 400 854L696 533Z\"><\/path><\/svg>\t\t\t<\/div>\n\t\t\t\t\t<div class=\"swiper-pagination\"><\/div>\n\t\t\t\t\t\t<\/div>\n\t\t\t\t<\/div>\n\t\t\t\t\t<\/div>\n\t\t\t\t<\/div>\n\t\t<div class=\"elementor-element elementor-element-718d97e e-flex e-con-boxed e-con e-parent\" data-id=\"718d97e\" data-element_type=\"container\" data-e-type=\"container\">\n\t\t\t\t\t<div class=\"e-con-inner\">\n\t\t\t\t<div class=\"elementor-element elementor-element-06538c7 elementor-arrows-position-inside elementor-pagination-position-outside elementor-widget elementor-widget-image-carousel\" data-id=\"06538c7\" data-element_type=\"widget\" data-e-type=\"widget\" data-settings=\"{&quot;autoplay_speed&quot;:1000,&quot;speed&quot;:1000,&quot;navigation&quot;:&quot;both&quot;,&quot;autoplay&quot;:&quot;yes&quot;,&quot;pause_on_hover&quot;:&quot;yes&quot;,&quot;pause_on_interaction&quot;:&quot;yes&quot;,&quot;infinite&quot;:&quot;yes&quot;}\" data-widget_type=\"image-carousel.default\">\n\t\t\t\t<div class=\"elementor-widget-container\">\n\t\t\t\t\t\t\t<div class=\"elementor-image-carousel-wrapper swiper\" role=\"region\" aria-roledescription=\"carousel\" aria-label=\"Image Carousel\" dir=\"ltr\">\n\t\t\t<div class=\"elementor-image-carousel swiper-wrapper\" aria-live=\"off\">\n\t\t\t\t\t\t\t\t<div class=\"swiper-slide\" role=\"group\" aria-roledescription=\"slide\" aria-label=\"1 of 26\"><figure class=\"swiper-slide-inner\"><img decoding=\"async\" class=\"swiper-slide-image\" src=\"https:\/\/danzasusanaara.com\/wp-content\/uploads\/2023\/09\/nijmod23_S_B4_310_12_monicalou-scaled.jpg\" alt=\"nijmod23_S_B4_310_12_monicalou\" \/><\/figure><\/div><div class=\"swiper-slide\" role=\"group\" aria-roledescription=\"slide\" aria-label=\"2 of 26\"><figure class=\"swiper-slide-inner\"><img decoding=\"async\" class=\"swiper-slide-image\" src=\"https:\/\/danzasusanaara.com\/wp-content\/uploads\/2023\/09\/nijmod23_S_B4_336_18_monicalou-scaled.jpg\" alt=\"nijmod23_S_B4_336_18_monicalou\" \/><\/figure><\/div><div class=\"swiper-slide\" role=\"group\" aria-roledescription=\"slide\" aria-label=\"3 of 26\"><figure class=\"swiper-slide-inner\"><img decoding=\"async\" class=\"swiper-slide-image\" src=\"https:\/\/danzasusanaara.com\/wp-content\/uploads\/2023\/09\/nijmod23_S_B3_246_18_monicalou-scaled.jpg\" alt=\"nijmod23_S_B3_246_18_monicalou\" \/><\/figure><\/div><div class=\"swiper-slide\" role=\"group\" aria-roledescription=\"slide\" aria-label=\"4 of 26\"><figure class=\"swiper-slide-inner\"><img decoding=\"async\" class=\"swiper-slide-image\" src=\"https:\/\/danzasusanaara.com\/wp-content\/uploads\/2023\/09\/nijclas23_V_B2_156_25_monicalou-scaled.jpg\" alt=\"nijclas23_V_B2_156_25_monicalou\" \/><\/figure><\/div><div class=\"swiper-slide\" role=\"group\" aria-roledescription=\"slide\" aria-label=\"5 of 26\"><figure class=\"swiper-slide-inner\"><img decoding=\"async\" class=\"swiper-slide-image\" src=\"https:\/\/danzasusanaara.com\/wp-content\/uploads\/2023\/09\/nijclas23_V_B2_133_12_monicalou-scaled.jpg\" alt=\"nijclas23_V_B2_133_12_monicalou\" \/><\/figure><\/div><div class=\"swiper-slide\" role=\"group\" aria-roledescription=\"slide\" aria-label=\"6 of 26\"><figure class=\"swiper-slide-inner\"><img decoding=\"async\" class=\"swiper-slide-image\" src=\"https:\/\/danzasusanaara.com\/wp-content\/uploads\/2023\/09\/nijclas23_S_B4_283_06_monicalou-scaled.jpg\" alt=\"nijclas23_S_B4_283_06_monicalou\" \/><\/figure><\/div><div class=\"swiper-slide\" role=\"group\" aria-roledescription=\"slide\" aria-label=\"7 of 26\"><figure class=\"swiper-slide-inner\"><img decoding=\"async\" class=\"swiper-slide-image\" src=\"https:\/\/danzasusanaara.com\/wp-content\/uploads\/2023\/09\/Copia-de-Screenshot_20230726_233552_Instagram.jpg\" alt=\"Copia de Screenshot_20230726_233552_Instagram\" \/><\/figure><\/div><div class=\"swiper-slide\" role=\"group\" aria-roledescription=\"slide\" aria-label=\"8 of 26\"><figure class=\"swiper-slide-inner\"><img decoding=\"async\" class=\"swiper-slide-image\" src=\"https:\/\/danzasusanaara.com\/wp-content\/uploads\/2023\/09\/Copia-de-nijmod23_V_B2_188_42_monicalou-scaled.jpg\" alt=\"Copia de nijmod23_V_B2_188_42_monicalou\" \/><\/figure><\/div><div class=\"swiper-slide\" role=\"group\" aria-roledescription=\"slide\" aria-label=\"9 of 26\"><figure class=\"swiper-slide-inner\"><img decoding=\"async\" class=\"swiper-slide-image\" src=\"https:\/\/danzasusanaara.com\/wp-content\/uploads\/2023\/09\/Copia-de-nijmod23_V_B2_174_44_monicalou-scaled.jpg\" alt=\"Copia de nijmod23_V_B2_174_44_monicalou\" \/><\/figure><\/div><div class=\"swiper-slide\" role=\"group\" aria-roledescription=\"slide\" aria-label=\"10 of 26\"><figure class=\"swiper-slide-inner\"><img decoding=\"async\" class=\"swiper-slide-image\" src=\"https:\/\/danzasusanaara.com\/wp-content\/uploads\/2023\/09\/Copia-de-nijmod23_V_B2_137_07_monicalou-scaled.jpg\" alt=\"Copia de nijmod23_V_B2_137_07_monicalou\" \/><\/figure><\/div><div class=\"swiper-slide\" role=\"group\" aria-roledescription=\"slide\" aria-label=\"11 of 26\"><figure class=\"swiper-slide-inner\"><img decoding=\"async\" class=\"swiper-slide-image\" src=\"https:\/\/danzasusanaara.com\/wp-content\/uploads\/2023\/09\/Copia-de-nijmod23_S_B4_332_19_monicalou-scaled.jpg\" alt=\"Copia de nijmod23_S_B4_332_19_monicalou\" \/><\/figure><\/div><div class=\"swiper-slide\" role=\"group\" aria-roledescription=\"slide\" aria-label=\"12 of 26\"><figure class=\"swiper-slide-inner\"><img decoding=\"async\" class=\"swiper-slide-image\" src=\"https:\/\/danzasusanaara.com\/wp-content\/uploads\/2023\/09\/Copia-de-nijmod23_S_B4_314_08_monicalou-scaled.jpg\" alt=\"Copia de nijmod23_S_B4_314_08_monicalou\" \/><\/figure><\/div><div class=\"swiper-slide\" role=\"group\" aria-roledescription=\"slide\" aria-label=\"13 of 26\"><figure class=\"swiper-slide-inner\"><img decoding=\"async\" class=\"swiper-slide-image\" src=\"https:\/\/danzasusanaara.com\/wp-content\/uploads\/2023\/09\/Copia-de-nijmod23_S_B3_265_05_monicalou-01-scaled.jpeg\" alt=\"Copia de nijmod23_S_B3_265_05_monicalou-01\" \/><\/figure><\/div><div class=\"swiper-slide\" role=\"group\" aria-roledescription=\"slide\" aria-label=\"14 of 26\"><figure class=\"swiper-slide-inner\"><img decoding=\"async\" class=\"swiper-slide-image\" src=\"https:\/\/danzasusanaara.com\/wp-content\/uploads\/2023\/09\/Copia-de-nijmod23_S_B3_246_07_monicalou-scaled.jpg\" alt=\"Copia de nijmod23_S_B3_246_07_monicalou\" \/><\/figure><\/div><div class=\"swiper-slide\" role=\"group\" aria-roledescription=\"slide\" aria-label=\"15 of 26\"><figure class=\"swiper-slide-inner\"><img decoding=\"async\" class=\"swiper-slide-image\" src=\"https:\/\/danzasusanaara.com\/wp-content\/uploads\/2023\/09\/Copia-de-nijmod23_S_B3_239_51_monicalou-scaled.jpg\" alt=\"Copia de nijmod23_S_B3_239_51_monicalou\" \/><\/figure><\/div><div class=\"swiper-slide\" role=\"group\" aria-roledescription=\"slide\" aria-label=\"16 of 26\"><figure class=\"swiper-slide-inner\"><img decoding=\"async\" class=\"swiper-slide-image\" src=\"https:\/\/danzasusanaara.com\/wp-content\/uploads\/2023\/09\/Copia-de-nijmod23_S_B3_224_07_monicalou-scaled.jpg\" alt=\"Copia de nijmod23_S_B3_224_07_monicalou\" \/><\/figure><\/div><div class=\"swiper-slide\" role=\"group\" aria-roledescription=\"slide\" aria-label=\"17 of 26\"><figure class=\"swiper-slide-inner\"><img decoding=\"async\" class=\"swiper-slide-image\" src=\"https:\/\/danzasusanaara.com\/wp-content\/uploads\/2023\/09\/Copia-de-nijmod23_S_B3_201_29_monicalou-scaled.jpg\" alt=\"Copia de nijmod23_S_B3_201_29_monicalou\" \/><\/figure><\/div><div class=\"swiper-slide\" role=\"group\" aria-roledescription=\"slide\" aria-label=\"18 of 26\"><figure class=\"swiper-slide-inner\"><img decoding=\"async\" class=\"swiper-slide-image\" src=\"https:\/\/danzasusanaara.com\/wp-content\/uploads\/2023\/09\/Copia-de-nijclas23_V_B2_146_14_monicalou-scaled.jpg\" alt=\"Copia de nijclas23_V_B2_146_14_monicalou\" \/><\/figure><\/div><div class=\"swiper-slide\" role=\"group\" aria-roledescription=\"slide\" aria-label=\"19 of 26\"><figure class=\"swiper-slide-inner\"><img decoding=\"async\" class=\"swiper-slide-image\" src=\"https:\/\/danzasusanaara.com\/wp-content\/uploads\/2023\/09\/Copia-de-nijclas23_V_B1_046_03_monicalou-scaled.jpg\" alt=\"Copia de nijclas23_V_B1_046_03_monicalou\" \/><\/figure><\/div><div class=\"swiper-slide\" role=\"group\" aria-roledescription=\"slide\" aria-label=\"20 of 26\"><figure class=\"swiper-slide-inner\"><img decoding=\"async\" class=\"swiper-slide-image\" src=\"https:\/\/danzasusanaara.com\/wp-content\/uploads\/2023\/09\/Copia-de-nijclas23_V_B1_020_66_monicalou-scaled.jpg\" alt=\"Copia de nijclas23_V_B1_020_66_monicalou\" \/><\/figure><\/div><div class=\"swiper-slide\" role=\"group\" aria-roledescription=\"slide\" aria-label=\"21 of 26\"><figure class=\"swiper-slide-inner\"><img decoding=\"async\" class=\"swiper-slide-image\" src=\"https:\/\/danzasusanaara.com\/wp-content\/uploads\/2023\/09\/Copia-de-nijclas23_S_B5_334_14_monicalou-scaled.jpg\" alt=\"Copia de nijclas23_S_B5_334_14_monicalou\" \/><\/figure><\/div><div class=\"swiper-slide\" role=\"group\" aria-roledescription=\"slide\" aria-label=\"22 of 26\"><figure class=\"swiper-slide-inner\"><img decoding=\"async\" class=\"swiper-slide-image\" src=\"https:\/\/danzasusanaara.com\/wp-content\/uploads\/2023\/09\/Copia-de-nijclas23_S_B4_324_13_monicalou-scaled.jpg\" alt=\"Copia de nijclas23_S_B4_324_13_monicalou\" \/><\/figure><\/div><div class=\"swiper-slide\" role=\"group\" aria-roledescription=\"slide\" aria-label=\"23 of 26\"><figure class=\"swiper-slide-inner\"><img decoding=\"async\" class=\"swiper-slide-image\" src=\"https:\/\/danzasusanaara.com\/wp-content\/uploads\/2023\/09\/Copia-de-nijclas23_S_B4_296_15_monicalou-2-scaled.jpg\" alt=\"Copia de nijclas23_S_B4_296_15_monicalou-2\" \/><\/figure><\/div><div class=\"swiper-slide\" role=\"group\" aria-roledescription=\"slide\" aria-label=\"24 of 26\"><figure class=\"swiper-slide-inner\"><img decoding=\"async\" class=\"swiper-slide-image\" src=\"https:\/\/danzasusanaara.com\/wp-content\/uploads\/2023\/09\/Copia-de-nijclas23_S_B3_203_08_monicalou-scaled.jpg\" alt=\"Copia de nijclas23_S_B3_203_08_monicalou\" \/><\/figure><\/div><div class=\"swiper-slide\" role=\"group\" aria-roledescription=\"slide\" aria-label=\"25 of 26\"><figure class=\"swiper-slide-inner\"><img decoding=\"async\" class=\"swiper-slide-image\" src=\"https:\/\/danzasusanaara.com\/wp-content\/uploads\/2023\/09\/Copia-de-nijclas23_S_B3_198_08_monicalou-scaled.jpg\" alt=\"Copia de nijclas23_S_B3_198_08_monicalou\" \/><\/figure><\/div><div class=\"swiper-slide\" role=\"group\" aria-roledescription=\"slide\" aria-label=\"26 of 26\"><figure class=\"swiper-slide-inner\"><img decoding=\"async\" class=\"swiper-slide-image\" src=\"https:\/\/danzasusanaara.com\/wp-content\/uploads\/2023\/09\/Copia-de-nijclas23_S_B3_192_08_monicalou-scaled.jpg\" alt=\"Copia de nijclas23_S_B3_192_08_monicalou\" \/><\/figure><\/div>\t\t\t<\/div>\n\t\t\t\t\t\t\t\t\t\t\t\t<div class=\"elementor-swiper-button elementor-swiper-button-prev\" role=\"button\" tabindex=\"0\">\n\t\t\t\t\t\t<svg aria-hidden=\"true\" class=\"e-font-icon-svg e-eicon-chevron-left\" viewBox=\"0 0 1000 1000\" xmlns=\"http:\/\/www.w3.org\/2000\/svg\"><path d=\"M646 125C629 125 613 133 604 142L308 442C296 454 292 471 292 487 292 504 296 521 308 533L604 854C617 867 629 875 646 875 663 875 679 871 692 858 704 846 713 829 713 812 713 796 708 779 692 767L438 487 692 225C700 217 708 204 708 187 708 171 704 154 692 142 675 129 663 125 646 125Z\"><\/path><\/svg>\t\t\t\t\t<\/div>\n\t\t\t\t\t<div class=\"elementor-swiper-button elementor-swiper-button-next\" role=\"button\" tabindex=\"0\">\n\t\t\t\t\t\t<svg aria-hidden=\"true\" class=\"e-font-icon-svg e-eicon-chevron-right\" viewBox=\"0 0 1000 1000\" xmlns=\"http:\/\/www.w3.org\/2000\/svg\"><path d=\"M696 533C708 521 713 504 713 487 713 471 708 454 696 446L400 146C388 133 375 125 354 125 338 125 325 129 313 142 300 154 292 171 292 187 292 204 296 221 308 233L563 492 304 771C292 783 288 800 288 817 288 833 296 850 308 863 321 871 338 875 354 875 371 875 388 867 400 854L696 533Z\"><\/path><\/svg>\t\t\t\t\t<\/div>\n\t\t\t\t\n\t\t\t\t\t\t\t\t\t<div class=\"swiper-pagination\"><\/div>\n\t\t\t\t\t\t\t\t\t<\/div>\n\t\t\t\t\t\t<\/div>\n\t\t\t\t<\/div>\n\t\t\t\t\t<\/div>\n\t\t\t\t<\/div>\n\t\t\t\t<\/div>\n\t\t","protected":false},"excerpt":{"rendered":"<p>Danza en su sentido m\u00e1s amplio empieza ahora \u00bfQu\u00e9 es Danza? La Danza es la capacidad de poder expresar con tu cuerpo. Puedes viajar con la m\u00fasica como si fuerais un solo elemento y explorar nuevos movimientos que te produzcan nuevas sensaciones. Para ello, es necesario el aprendizaje de la t\u00e9cnica que nos permita desarrollar &hellip;<\/p>\n<p class=\"read-more\"> <a class=\"\" href=\"https:\/\/danzasusanaara.com\/index.php\/2020\/08\/26\/hello-world\/\"> <span class=\"screen-reader-text\">Hello world!<\/span> Read More &raquo;<\/a><\/p>\n","protected":false},"author":1,"featured_media":0,"parent":0,"menu_order":0,"comment_status":"closed","ping_status":"closed","template":"","meta":{"site-sidebar-layout":"no-sidebar","site-content-layout":"page-builder","ast-global-header-display":"","ast-main-header-display":"","ast-hfb-above-header-display":"","ast-hfb-below-header-display":"","ast-hfb-mobile-header-display":"","site-post-title":"disabled","ast-breadcrumbs-content":"","ast-featured-img":"disabled","footer-sml-layout":"","theme-transparent-header-meta":"","adv-header-id-meta":"","stick-header-meta":"","header-above-stick-meta":"","header-main-stick-meta":"","header-below-stick-meta":"","footnotes":""},"class_list":["post-12","page","type-page","status-publish","hentry"],"jetpack_sharing_enabled":true,"_links":{"self":[{"href":"https:\/\/danzasusanaara.com\/index.php\/wp-json\/wp\/v2\/pages\/12"}],"collection":[{"href":"https:\/\/danzasusanaara.com\/index.php\/wp-json\/wp\/v2\/pages"}],"about":[{"href":"https:\/\/danzasusanaara.com\/index.php\/wp-json\/wp\/v2\/types\/page"}],"author":[{"embeddable":true,"href":"https:\/\/danzasusanaara.com\/index.php\/wp-json\/wp\/v2\/users\/1"}],"replies":[{"embeddable":true,"href":"https:\/\/danzasusanaara.com\/index.php\/wp-json\/wp\/v2\/comments?post=12"}],"version-history":[{"count":106,"href":"https:\/\/danzasusanaara.com\/index.php\/wp-json\/wp\/v2\/pages\/12\/revisions"}],"predecessor-version":[{"id":612,"href":"https:\/\/danzasusanaara.com\/index.php\/wp-json\/wp\/v2\/pages\/12\/revisions\/612"}],"wp:attachment":[{"href":"https:\/\/danzasusanaara.com\/index.php\/wp-json\/wp\/v2\/media?parent=12"}],"curies":[{"name":"wp","href":"https:\/\/api.w.org\/{rel}","templated":true}]}}